{"id":887,"date":"2025-05-28T08:55:58","date_gmt":"2025-05-28T08:55:58","guid":{"rendered":"https:\/\/claudetu.com\/?page_id=887"},"modified":"2025-06-12T23:46:42","modified_gmt":"2025-06-12T21:46:42","slug":"comprarentradas","status":"publish","type":"page","link":"https:\/\/claudetu.com\/es\/comprarentradas\/","title":{"rendered":"Entradas"},"content":{"rendered":"<div class=\"\" style=\"\" >\n    \n    <section class=\"u-align-center u-clearfix u-image u-shading u-section-2\" id=\"sec-9b94\" data-image-width=\"1280\" data-image-height=\"853\" style=\"background-image: linear-gradient(0deg, rgba(0, 0, 0, 0.55), rgba(0, 0, 0, 0.55)), url(&quot;https:\/\/claudetu.com\/wp-content\/uploads\/2025\/05\/1978d283cb194c5b04598f2514cbbb43d8b566ce0a800b54d890b3830b9da0e21dca120b6d40ccbd2193ee54ffc85c851191c3c70679bb13743ad9_1280.jpg&quot;);\">\n      <div class=\"u-clearfix u-sheet u-sheet-1\">\n        <h1 class=\"u-align-center u-text u-text-default u-title u-text-1\">ENTRADES<\/h1>\n        <p class=\"u-align-center u-large-text u-text u-text-variant u-text-2\">MOSTRES FINALS DE CURS 2024\/25<\/p>\n      <\/div>\n    <\/section>\n    <section class=\"u-clearfix u-custom-color-18 u-section-3\" id=\"sec-839f\">\n      <div class=\"u-clearfix u-sheet u-valign-middle u-sheet-1\"><!--products_options_json--><!--{\"type\":\"products-recent\",\"source\":\"\",\"tags\":\"\",\"count\":\"\"}--><!--\/products_options_json-->\n        <div class=\"u-expanded-width u-pagination-center u-products u-cms u-products-1\" data-site-sorting-prop=\"created\" data-site-sorting-order=\"desc\" data-items-per-page=\"4\" data-products-id=\"1\" data-products-datasource=\"cms\" data-payment-service=\"38740d51df065966e11fcd3cdfbcbd11\" data-paypal-hidden-buttons=\"\">\n          <div class=\"u-list-control\"><\/div>\n          <div class=\"u-repeater u-repeater-1\">\n            <div class=\"u-align-center u-container-style u-products-item u-repeater-item u-shape-rectangle\">\n              <div class=\"u-container-layout u-similar-container u-valign-top u-container-layout-1\">\n                <img decoding=\"async\" src=\"https:\/\/claudetu.com\/wp-content\/uploads\/2025\/05\/Portada-Waitress.png\" style=\"cursor:pointer;\" data-product-control=\"https:\/\/claudetu.com\/es\/product\/un-pastel-sin-receta-entrada-muestra-final-29-de-junio\/\" alt=\"\" class=\"u-expanded-width u-image u-image-contain u-image-default u-product-control u-image-1\">\n                <h4 class=\"u-product-control u-text u-text-white u-text-1\">\n                  <a class=\"u-product-title-link\" href=\"https:\/\/claudetu.com\/es\/product\/un-pastel-sin-receta-entrada-muestra-final-29-de-junio\/\">Un pastel sin receta - Entrada Mostra Final (29 de juny)<\/a>\n                <\/h4>\n                <div data-add-zero-cents=\"true\" class=\"u-product-control u-product-price u-product-price-1\">\n                  <div class=\"u-price-wrapper u-spacing-10\">\n                    <div class=\"u-hide-price u-old-price\" style=\"text-decoration: line-through !important;\">  <\/div>\n                    <div class=\"u-price u-text-white\" style=\"font-size: 1.25rem; font-weight: 700;\"> <span class=\"woocommerce-Price-amount amount\"><bdi>9.00<span class=\"woocommerce-Price-currencySymbol\">&euro;<\/span><\/bdi><\/span><span style=\"color:rgb(0, 0, 0);margin-left: 6px;font-size: 94%;\"><\/span> <\/div>\n                  <\/div>\n                <\/div>\n                <a href=\"https:\/\/claudetu.com\/es\/product\/un-pastel-sin-receta-entrada-muestra-final-29-de-junio\/\" class=\"u-active-grey-75 u-border-none u-btn u-btn-round u-button-style u-custom-color-1 u-hover-grey-75 u-product-control u-radius u-btn-1\" data-product-button-click-type=\"go-to-page\">VEr M\u00c1S<\/a>\n              <\/div>\n            <\/div>\n            <div class=\"u-align-center u-container-style u-products-item u-repeater-item u-shape-rectangle\">\n              <div class=\"u-container-layout u-similar-container u-valign-top u-container-layout-2\">\n                <img decoding=\"async\" src=\"https:\/\/claudetu.com\/wp-content\/uploads\/2025\/05\/Portada-Waitress.png\" style=\"cursor:pointer;\" data-product-control=\"https:\/\/claudetu.com\/es\/product\/un-pastel-sin-receta-entrada-muestra-final-20-de-junio\/\" alt=\"\" class=\"u-expanded-width u-image u-image-contain u-image-default u-product-control u-image-2\">\n                <h4 class=\"u-product-control u-text u-text-white u-text-2\">\n                  <a class=\"u-product-title-link\" href=\"https:\/\/claudetu.com\/es\/product\/un-pastel-sin-receta-entrada-muestra-final-20-de-junio\/\">Un pastel sin receta - Entrada Mostra Final (20 de juny)<\/a>\n                <\/h4>\n                <div data-add-zero-cents=\"true\" class=\"u-product-control u-product-price u-product-price-2\">\n                  <div class=\"u-price-wrapper u-spacing-10\">\n                    <div class=\"u-hide-price u-old-price\" style=\"text-decoration: line-through !important;\">  <\/div>\n                    <div class=\"u-price u-text-white\" style=\"font-size: 1.25rem; font-weight: 700;\"> <span class=\"woocommerce-Price-amount amount\"><bdi>9.00<span class=\"woocommerce-Price-currencySymbol\">&euro;<\/span><\/bdi><\/span><span style=\"color:rgb(0, 0, 0);margin-left: 6px;font-size: 94%;\"><\/span> <\/div>\n                  <\/div>\n                <\/div>\n                <a href=\"https:\/\/claudetu.com\/es\/product\/un-pastel-sin-receta-entrada-muestra-final-20-de-junio\/\" class=\"u-active-grey-75 u-border-none u-btn u-btn-round u-button-style u-custom-color-1 u-hover-grey-75 u-product-control u-radius u-btn-2\" data-product-button-click-type=\"go-to-page\">VEr M\u00c1S<\/a>\n              <\/div>\n            <\/div>\n            <div class=\"u-align-center u-container-style u-products-item u-repeater-item u-shape-rectangle\">\n              <div class=\"u-container-layout u-similar-container u-valign-top u-container-layout-3\">\n                <img decoding=\"async\" src=\"https:\/\/claudetu.com\/wp-content\/uploads\/2025\/05\/Cartel-Anstasia.png\" style=\"cursor:pointer;\" data-product-control=\"https:\/\/claudetu.com\/es\/product\/una-vez-en-diciembre-entrada-muestra-final-28-de-junio\/\" alt=\"\" class=\"u-expanded-width u-image u-image-contain u-image-default u-product-control u-image-3\">\n                <h4 class=\"u-product-control u-text u-text-white u-text-3\">\n                  <a class=\"u-product-title-link\" href=\"https:\/\/claudetu.com\/es\/product\/una-vez-en-diciembre-entrada-muestra-final-28-de-junio\/\">Una vez en diciembre - Entrada Mostra Final (28 de juny)<\/a>\n                <\/h4>\n                <div data-add-zero-cents=\"true\" class=\"u-product-control u-product-price u-product-price-3\">\n                  <div class=\"u-price-wrapper u-spacing-10\">\n                    <div class=\"u-hide-price u-old-price\" style=\"text-decoration: line-through !important;\">  <\/div>\n                    <div class=\"u-price u-text-white\" style=\"font-size: 1.25rem; font-weight: 700;\"> <span class=\"woocommerce-Price-amount amount\"><bdi>9.00<span class=\"woocommerce-Price-currencySymbol\">&euro;<\/span><\/bdi><\/span><span style=\"color:rgb(0, 0, 0);margin-left: 6px;font-size: 94%;\"><\/span> <\/div>\n                  <\/div>\n                <\/div>\n                <a href=\"https:\/\/claudetu.com\/es\/product\/una-vez-en-diciembre-entrada-muestra-final-28-de-junio\/\" class=\"u-active-grey-75 u-border-none u-btn u-btn-round u-button-style u-custom-color-1 u-hover-grey-75 u-product-control u-radius u-btn-3\" data-product-button-click-type=\"go-to-page\">VEr M\u00c1S<\/a>\n              <\/div>\n            <\/div>\n            <div class=\"u-align-center u-container-style u-products-item u-repeater-item u-shape-rectangle\">\n              <div class=\"u-container-layout u-similar-container u-valign-top u-container-layout-4\">\n                <img decoding=\"async\" src=\"https:\/\/claudetu.com\/wp-content\/uploads\/2025\/05\/Cartel-Anstasia.png\" style=\"cursor:pointer;\" data-product-control=\"https:\/\/claudetu.com\/es\/product\/una-vez-en-diciembre-entrada-muestra-final-25-de-junio\/\" alt=\"\" class=\"u-expanded-width u-image u-image-contain u-image-default u-product-control u-image-4\">\n                <h4 class=\"u-product-control u-text u-text-white u-text-4\">\n                  <a class=\"u-product-title-link\" href=\"https:\/\/claudetu.com\/es\/product\/una-vez-en-diciembre-entrada-muestra-final-25-de-junio\/\">Una vez en diciembre - Entrada Mostra Final (25 de juny)<\/a>\n                <\/h4>\n                <div class=\"u-product-control u-product-price u-product-price-4\" data-add-zero-cents=\"true\">\n                  <div class=\"u-price-wrapper u-spacing-10\">\n                    <div class=\"u-hide-price u-old-price\" style=\"text-decoration: line-through !important;\">  <\/div>\n                    <div class=\"u-price u-text-white\" style=\"font-size: 1.25rem; font-weight: 700;\"> <span class=\"woocommerce-Price-amount amount\"><bdi>9.00<span class=\"woocommerce-Price-currencySymbol\">&euro;<\/span><\/bdi><\/span><span style=\"color:rgb(0, 0, 0);margin-left: 6px;font-size: 94%;\"><\/span> <\/div>\n                  <\/div>\n                <\/div>\n                <a href=\"https:\/\/claudetu.com\/es\/product\/una-vez-en-diciembre-entrada-muestra-final-25-de-junio\/\" class=\"u-active-grey-75 u-border-none u-btn u-btn-round u-button-style u-custom-color-1 u-hover-grey-75 u-product-control u-radius u-btn-4\" data-product-button-click-type=\"go-to-page\">VEr M\u00c1S<\/a>\n              <\/div>\n            <\/div>\n          <\/div>\n          <div class=\"u-list-control\"><\/div>\n        <\/div>\n      <\/div>\n    <\/section>\n    \n    \n    \n  \n<\/div>","protected":false},"excerpt":{"rendered":"<p>ENTRADES MOSTRES FINALS DE CURS 2024\/25 Un pastel sin receta &#8211; Entrada Mostra Final (29 de juny) 9.00&euro; VEr M\u00c1S Un pastel sin receta &#8211; Entrada Mostra Final (20 de juny) 9.00&euro; VEr M\u00c1S Una vez en diciembre &#8211; Entrada Mostra Final (28 de juny) 9.00&euro; VEr M\u00c1S Una vez en diciembre &#8211; Entrada Mostra [&hellip;]<\/p>","protected":false},"author":1,"featured_media":0,"parent":0,"menu_order":0,"comment_status":"closed","ping_status":"closed","template":"","meta":{"footnotes":""},"class_list":["post-887","page","type-page","status-publish","hentry"],"_links":{"self":[{"href":"https:\/\/claudetu.com\/es\/wp-json\/wp\/v2\/pages\/887","targetHints":{"allow":["GET"]}}],"collection":[{"href":"https:\/\/claudetu.com\/es\/wp-json\/wp\/v2\/pages"}],"about":[{"href":"https:\/\/claudetu.com\/es\/wp-json\/wp\/v2\/types\/page"}],"author":[{"embeddable":true,"href":"https:\/\/claudetu.com\/es\/wp-json\/wp\/v2\/users\/1"}],"replies":[{"embeddable":true,"href":"https:\/\/claudetu.com\/es\/wp-json\/wp\/v2\/comments?post=887"}],"version-history":[{"count":13,"href":"https:\/\/claudetu.com\/es\/wp-json\/wp\/v2\/pages\/887\/revisions"}],"predecessor-version":[{"id":1144,"href":"https:\/\/claudetu.com\/es\/wp-json\/wp\/v2\/pages\/887\/revisions\/1144"}],"wp:attachment":[{"href":"https:\/\/claudetu.com\/es\/wp-json\/wp\/v2\/media?parent=887"}],"curies":[{"name":"wp","href":"https:\/\/api.w.org\/{rel}","templated":true}]}}