{"id":880,"date":"2025-05-27T10:19:19","date_gmt":"2025-05-27T10:19:19","guid":{"rendered":"https:\/\/claudetu.com\/?post_type=product&#038;p=880"},"modified":"2025-06-25T14:16:41","modified_gmt":"2025-06-25T12:16:41","slug":"una-vez-en-diciembre-entrada-muestra-final-25-de-junio","status":"publish","type":"product","link":"https:\/\/claudetu.com\/es\/product\/una-vez-en-diciembre-entrada-muestra-final-25-de-junio\/","title":{"rendered":"Una vez en diciembre &#8211; Entrada Mostra Final (25 de juny)"},"content":{"rendered":"<p class=\"p1\"><span class=\"s1\">\u2728 <\/span><b>Sinopsi<\/b><b><\/b><\/p>\n<p class=\"p3\">Anys despr\u00e9s de la caiguda dels Rom\u00e0nov, una jove sense passat i dos estafadors encantadors s\u2019endinsen en una aventura que els portar\u00e0 de Sant Petersburg a Par\u00eds, a la recerca de respostes, llibertat\u2026 i d\u2019una veritable llar.<\/p>\n<p class=\"p3\">Basada en el musical de Broadway <i>Anastasia<\/i>, aquesta versi\u00f3 adaptada i creada per l\u2019alumnat del grup de dimarts de Clau de Tu combina interpretaci\u00f3, cant i dansa per donar vida a una hist\u00f2ria plena d\u2019emoci\u00f3, for\u00e7a i esperan\u00e7a.<\/p>\n<hr \/>\n<h3><b>\ud83d\udc65 Reparto<\/b><\/h3>\n<ul>\n<li>\u00c1lvaro P\u00e9rez<\/li>\n<li class=\"p1\">Amandine M\u00e9nard<\/li>\n<li>Camille Lepetit<\/li>\n<li>Gisela Boj<\/li>\n<li>Ingrid Alvarez<\/li>\n<li>Miquel Gomez<\/li>\n<li>Sandra Palau<\/li>\n<li>Yaiza Gonz\u00e1lez<\/li>\n<\/ul>\n<hr \/>\n<p class=\"p1\"><span class=\"s1\">\ud83c\udfac <\/span><b>Direcci\u00f3 i adaptaci\u00f3 esc\u00e8nica:<\/b><b><\/b><\/p>\n<p class=\"p1\">Nara Ayguad\u00e9<b><\/b><\/p>\n<p class=\"p1\"><b>Agra\u00efments per les seves masterclasses:<\/b><b><\/b><\/p>\n<p class=\"p3\">Santi Bay\u00f3n, Jordi Hanley, Ria Sard\u00e0, Entre Telers (Jordi Brunet), Sara G.<\/p>\n<hr \/>\n<p class=\"p1\"><span class=\"s1\">\u2139\ufe0f <\/span><b>Informaci\u00f3 pr\u00e0ctica:<\/b><b><\/b><\/p>\n<ul>\n<li>\n<p class=\"p1\">Pots mostrar el correu de confirmaci\u00f3 a l\u2019acc\u00e9s.<\/p>\n<\/li>\n<li>\n<p class=\"p1\">No cal imprimir l\u2019entrada.<\/p>\n<\/li>\n<li>\n<p class=\"p1\"><span class=\"s1\">Durada aproximada: <\/span><b>1 h 45 min<\/b><span class=\"s1\"> (amb <\/span><b>15 min d\u2019entreacte<\/b><span class=\"s1\">).<\/span><\/p>\n<\/li>\n<li>\n<p class=\"p1\">Idioma: <span class=\"s1\"><b>castell\u00e0<\/b><b><\/b><\/span><\/p>\n<\/li>\n<li>\n<p class=\"p1\"><span class=\"s1\">Entrada <\/span><b>sense numeraci\u00f3<\/b><b><\/b><\/p>\n<\/li>\n<\/ul>\n<p class=\"p1\"><b><\/b><b><\/b><i>Mostra final de l\u2019alumnat del curs. Entrada simb\u00f2lica per a familiars i amics. No \u00e9s una funci\u00f3 oberta al p\u00fablic general.<\/i><\/p>","protected":false},"excerpt":{"rendered":"<blockquote>\n<p class=\"p1\"><span class=\"s1\">\ud83c\udfad <\/span><b>Mostra final del grup de dimarts, inspirada en el musical Anastasia<\/b><b><\/b><\/p>\n<p class=\"p1\"><span class=\"s1\">\ud83d\udcc5 <\/span><b>Dimecres 25 de juny<\/b><span class=\"s1\"> \u2013 \ud83d\udd57 <\/span><b>20:00 h<\/b><b><\/b><\/p>\n<p class=\"p1\"><span class=\"s1\">\ud83d\udccd <\/span><b>Teatre Versus Gl\u00f2ries: <\/b><b><\/b>C\/ Castillejos, 179 \u2013 L\u2019Eixample, 08013 Barcelona<\/p>\n<p class=\"p1\"><span class=\"s1\">\ud83c\udf9f\ufe0f <\/span><b>Entrada general sense numeraci\u00f3<\/b><b><\/b><\/p>\n<p class=\"p3\">\ud83d\udce7 Mostra el correu de confirmaci\u00f3 a l\u2019acc\u00e9s<\/p>\n<\/blockquote>","protected":false},"featured_media":881,"comment_status":"closed","ping_status":"closed","template":"","meta":[],"product_brand":[],"product_cat":[29],"product_tag":[27],"class_list":{"0":"post-880","1":"product","2":"type-product","3":"status-publish","4":"has-post-thumbnail","6":"product_cat-entradas202425","7":"product_tag-una-vez-en-diciembre","9":"first","10":"outofstock","11":"virtual","12":"taxable","13":"purchasable","14":"product-type-simple"},"_links":{"self":[{"href":"https:\/\/claudetu.com\/es\/wp-json\/wp\/v2\/product\/880","targetHints":{"allow":["GET"]}}],"collection":[{"href":"https:\/\/claudetu.com\/es\/wp-json\/wp\/v2\/product"}],"about":[{"href":"https:\/\/claudetu.com\/es\/wp-json\/wp\/v2\/types\/product"}],"replies":[{"embeddable":true,"href":"https:\/\/claudetu.com\/es\/wp-json\/wp\/v2\/comments?post=880"}],"wp:featuredmedia":[{"embeddable":true,"href":"https:\/\/claudetu.com\/es\/wp-json\/wp\/v2\/media\/881"}],"wp:attachment":[{"href":"https:\/\/claudetu.com\/es\/wp-json\/wp\/v2\/media?parent=880"}],"wp:term":[{"taxonomy":"product_brand","embeddable":true,"href":"https:\/\/claudetu.com\/es\/wp-json\/wp\/v2\/product_brand?post=880"},{"taxonomy":"product_cat","embeddable":true,"href":"https:\/\/claudetu.com\/es\/wp-json\/wp\/v2\/product_cat?post=880"},{"taxonomy":"product_tag","embeddable":true,"href":"https:\/\/claudetu.com\/es\/wp-json\/wp\/v2\/product_tag?post=880"}],"curies":[{"name":"wp","href":"https:\/\/api.w.org\/{rel}","templated":true}]}}