{"id":885,"date":"2025-05-27T14:09:44","date_gmt":"2025-05-27T14:09:44","guid":{"rendered":"https:\/\/claudetu.com\/?post_type=product&#038;p=885"},"modified":"2025-06-19T12:08:14","modified_gmt":"2025-06-19T10:08:14","slug":"un-pastel-sin-receta-entrada-muestra-final-29-de-junio","status":"publish","type":"product","link":"https:\/\/claudetu.com\/es\/product\/un-pastel-sin-receta-entrada-muestra-final-29-de-junio\/","title":{"rendered":"Un pastel sin receta &#8211; Entrada Mostra Final (29 de juny)"},"content":{"rendered":"<p class=\"p1\"><span class=\"s1\">\u2728 <\/span><b>Sinopsi<\/b><b><\/b><\/p>\n<p class=\"p3\">La Jenna, una jove cambrera atrapada en un matrimoni infeli\u00e7 i una rutina que l\u2019ofega, troba en la rebosteria la seva via d\u2019escapament i expressi\u00f3. Quan un concurs de pastissos i una visita m\u00e8dica inesperada li obren noves portes, haur\u00e0 de decidir si es conforma\u2026 o lluita per la vida que realment desitja.<\/p>\n<p class=\"p3\">Basada en el musical de Broadway <i>Waitress<\/i>, aquesta versi\u00f3 adaptada per a l\u2019alumnat adult dels dimecres de Clau de Tu combina interpretaci\u00f3, cant i dansa per donar vida a una hist\u00f2ria de coratge, sororitat i segones oportunitats.<\/p>\n<hr \/>\n<p class=\"p1\"><span class=\"s1\">\ud83d\udc65 <\/span><b>Repartiment<\/b><\/p>\n<ul>\n<li>Alessandro Acomo<\/li>\n<li>Arantxa Ragel<\/li>\n<li class=\"p1\">Aroa Aguilera<\/li>\n<li>Candela De Ros<\/li>\n<li>Chiara Piras<\/li>\n<li>Gemma Mu\u00f1oz<\/li>\n<li>Judith Princep<\/li>\n<li>Laura Torn\u00e9<\/li>\n<li>Yuri Sapena<\/li>\n<\/ul>\n<hr \/>\n<p class=\"p1\"><span class=\"s1\">\ud83c\udfac <\/span><b>Direcci\u00f3 i adaptaci\u00f3 esc\u00e8nica:<\/b><b><\/b><\/p>\n<p class=\"p1\">Nara Ayguad\u00e9<b><\/b><\/p>\n<p class=\"p1\">Agra\u00efments per les seves masterclasses: <b><\/b>Santi Bay\u00f3n, Jordi Hanley, Ria Sard\u00e0, Entre Telers (Jordi Brunet), Sara G.<\/p>\n<hr \/>\n<p class=\"p2\"><span class=\"s1\">\u2139\ufe0f <\/span><b>Informaci\u00f3 pr\u00e0ctica:<\/b><b><\/b><\/p>\n<ul>\n<li>\n<p class=\"p1\">Pots mostrar el correu de confirmaci\u00f3 a l\u2019acc\u00e9s.<\/p>\n<\/li>\n<li>\n<p class=\"p1\">No cal imprimir l\u2019entrada.<\/p>\n<\/li>\n<li>\n<p class=\"p1\"><span class=\"s1\">Durada aproximada: <\/span><b>1 h 45 min<\/b><span class=\"s1\"> (amb <\/span><b>15 min d\u2019entreacte<\/b><span class=\"s1\">).<\/span><\/p>\n<\/li>\n<li>\n<p class=\"p1\">Idioma: <span class=\"s1\"><b>castell\u00e0<\/b><b><\/b><\/span><\/p>\n<\/li>\n<li>\n<p class=\"p1\"><span class=\"s1\">Entrada <\/span><b>sense numeraci\u00f3<\/b><b><\/b><\/p>\n<\/li>\n<\/ul>\n<p class=\"p1\"><b><\/b><b><\/b><i>Mostra final de l\u2019alumnat del curs. Entrada simb\u00f2lica per a familiars i amics. No \u00e9s una funci\u00f3 oberta al p\u00fablic general.<\/i><\/p>","protected":false},"excerpt":{"rendered":"<blockquote>\n<p class=\"p1\"><span class=\"s1\">\ud83c\udfad <\/span><b>Mostra final del grup de dimecres, inspirada en el musical Waitress<\/b><b><\/b><\/p>\n<p class=\"p1\"><span class=\"s1\">\ud83d\udcc5 <\/span><b>Diumenge 29 de juny<\/b><span class=\"s1\"> \u2013 \ud83d\udd57 <\/span><b>18:00 h<\/b><b><\/b><\/p>\n<p class=\"p1\"><span class=\"s1\">\ud83d\udccd <\/span><b>Teatre Versus Gl\u00f2ries &#8211; <\/b><b><\/b>C\/ Castillejos, 179 \u2013 L\u2019Eixample, 08013 Barcelona<\/p>\n<p class=\"p1\"><span class=\"s1\">\ud83c\udf9f\ufe0f <\/span><b>Entrada general sense numerar<\/b><b><\/b><\/p>\n<p class=\"p3\">\ud83d\udce7 Mostra el correu de confirmaci\u00f3 a l\u2019acc\u00e9s<\/p>\n<\/blockquote>","protected":false},"featured_media":884,"comment_status":"closed","ping_status":"closed","template":"","meta":[],"product_brand":[],"product_cat":[29],"product_tag":[27],"class_list":{"0":"post-885","1":"product","2":"type-product","3":"status-publish","4":"has-post-thumbnail","6":"product_cat-entradas202425","7":"product_tag-una-vez-en-diciembre","9":"first","10":"outofstock","11":"virtual","12":"taxable","13":"purchasable","14":"product-type-simple"},"_links":{"self":[{"href":"https:\/\/claudetu.com\/es\/wp-json\/wp\/v2\/product\/885","targetHints":{"allow":["GET"]}}],"collection":[{"href":"https:\/\/claudetu.com\/es\/wp-json\/wp\/v2\/product"}],"about":[{"href":"https:\/\/claudetu.com\/es\/wp-json\/wp\/v2\/types\/product"}],"replies":[{"embeddable":true,"href":"https:\/\/claudetu.com\/es\/wp-json\/wp\/v2\/comments?post=885"}],"wp:featuredmedia":[{"embeddable":true,"href":"https:\/\/claudetu.com\/es\/wp-json\/wp\/v2\/media\/884"}],"wp:attachment":[{"href":"https:\/\/claudetu.com\/es\/wp-json\/wp\/v2\/media?parent=885"}],"wp:term":[{"taxonomy":"product_brand","embeddable":true,"href":"https:\/\/claudetu.com\/es\/wp-json\/wp\/v2\/product_brand?post=885"},{"taxonomy":"product_cat","embeddable":true,"href":"https:\/\/claudetu.com\/es\/wp-json\/wp\/v2\/product_cat?post=885"},{"taxonomy":"product_tag","embeddable":true,"href":"https:\/\/claudetu.com\/es\/wp-json\/wp\/v2\/product_tag?post=885"}],"curies":[{"name":"wp","href":"https:\/\/api.w.org\/{rel}","templated":true}]}}